{"id":508,"date":"2019-03-06T08:02:34","date_gmt":"2019-03-06T08:02:34","guid":{"rendered":"http:\/\/mau3.maudep.com.vn\/tienganh\/?page_id=508"},"modified":"2022-06-23T06:29:43","modified_gmt":"2022-06-23T06:29:43","slug":"gioi-thieu","status":"publish","type":"page","link":"https:\/\/truonganhngu1z.mauthemevn.com\/?page_id=508","title":{"rendered":"Gi\u1edbi thi\u1ec7u"},"content":{"rendered":"\t<section class=\"section gth_01\" id=\"section_1141518466\">\n\t\t<div class=\"bg section-bg fill bg-fill  bg-loaded\" >\n\n\t\t\t\n\t\t\t\n\t\t\t\n\n\t\t<\/div><!-- .section-bg -->\n\n\t\t<div class=\"section-content relative\">\n\t\t\t\n<div class=\"row\"  id=\"row-1400110078\">\n<div class=\"col medium-6 small-12 large-6\"  ><div class=\"col-inner\"  >\n<div class=\"container section-title-container\" ><h2 class=\"section-title section-title-bold\"><b><\/b><span class=\"section-title-main\" >GI\u1edaI THI\u1ec6U V\u1ec0 BIRDNEST EDU<\/span><b><\/b><\/h2><\/div><!-- .section-title -->\n<p style=\"text-align: left;\">Birdnest Edu l\u00e0 trung t\u00e2m ho\u1ea1t \u0111\u1ed9ng trong l\u0129nh v\u1ef1c d\u1ecbch v\u1ee5 \u0111\u00e0o t\u1ea1o v\u00e0 cung c\u1ea5p gi\u00e1o vi\u00ean n\u01b0\u1edbc ngo\u00e0i d\u1ea1y ti\u1ebfng Anh. T\u01b0 v\u1ea5n th\u00e0nh l\u1eadp trung t\u00e2m ngo\u1ea1i ng\u1eef\u2026. Gi\u1ea3ng d\u1ea1y ti\u1ebfng Anh \u1edf nhi\u1ec1u l\u0129nh v\u1ef1c kh\u00e1c nhau t\u1eeb c\u00e1c l\u0129nh v\u1ef1c li\u00ean quan \u0111\u1ebfn chuy\u00ean ng\u00e0nh \u0111\u1ebfn giao ti\u1ebfp n\u00e2ng cao ho\u1eb7c c\u01a1 b\u1ea3n&#8230;<\/p>\n<a class=\"button primary\"  style=\"border-radius:99px;\">\n    <span>xem th\u00eam v\u1ec1 birdnest edu<\/span>\n  <\/a>\n\n<\/div><\/div>\n<div class=\"col medium-6 small-12 large-6\"  ><div class=\"col-inner\"  >\n\t<div class=\"img has-hover x md-x lg-x y md-y lg-y\" id=\"image_1043310109\">\n\t\t\t\t\t\t\t\t<div class=\"img-inner dark\" >\n\t\t\t<img loading=\"lazy\" decoding=\"async\" width=\"585\" height=\"327\" src=\"https:\/\/truonganhngu1z.mauthemevn.com\/wp-content\/uploads\/2022\/06\/a1.png\" class=\"attachment-original size-original\" alt=\"\" \/>\t\t\t\t\t\t\n\t\t\t\t\t<\/div>\n\t\t\t\t\t\t\t\t\n<style scope=\"scope\">\n\n#image_1043310109 {\n  width: 100%;\n}\n<\/style>\n\t<\/div>\n\t\n<\/div><\/div>\n<\/div>\n\t\t<\/div><!-- .section-content -->\n\n\t\t\n<style scope=\"scope\">\n\n#section_1141518466 {\n  padding-top: 50px;\n  padding-bottom: 50px;\n}\n<\/style>\n\t<\/section>\n\t\n\t<section class=\"section gth_02\" id=\"section_1451659178\">\n\t\t<div class=\"bg section-bg fill bg-fill  bg-loaded\" >\n\n\t\t\t\n\t\t\t\n\t\t\t\n\n\t\t<\/div><!-- .section-bg -->\n\n\t\t<div class=\"section-content relative\">\n\t\t\t\n<div class=\"row\"  id=\"row-660944229\">\n<div class=\"col small-12 large-12\"  ><div class=\"col-inner\"  >\n \n    <div class=\"block__element_head\">\n    <h2 class=\"heading\"><span>H\u1ec6 TH\u1ed0NG TR\u01af\u1edcNG ANH NG\u1eee H\u00c0NG \u0110\u1ea6U VI\u1ec6T NAM<\/span><\/h2>\n    <p class=\"text_head\"><\/p>\n   \n    <\/div>\n\n<p>Birdnest Edu l\u00e0 trung t\u00e2m ho\u1ea1t \u0111\u1ed9ng trong l\u0129nh v\u1ef1c d\u1ecbch v\u1ee5 \u0111\u00e0o t\u1ea1o v\u00e0 cung c\u1ea5p gi\u00e1o vi\u00ean n\u01b0\u1edbc ngo\u00e0i d\u1ea1y ti\u1ebfng Anh. T\u01b0 v\u1ea5n th\u00e0nh l\u1eadp trung t\u00e2m ngo\u1ea1i ng\u1eef\u2026. Gi\u1ea3ng d\u1ea1y ti\u1ebfng Anh \u1edf nhi\u1ec1u l\u0129nh v\u1ef1c kh\u00e1c nhau t\u1eeb c\u00e1c l\u0129nh v\u1ef1c li\u00ean quan \u0111\u1ebfn chuy\u00ean ng\u00e0nh \u0111\u1ebfn giao ti\u1ebfp n\u00e2ng cao ho\u1eb7c c\u01a1 b\u1ea3n\u2026<\/p>\n<p>H\u1ec7 th\u1ed1ng Anh Ng\u1eef birdnest edu th\u00e0nh l\u1eadp v\u00e0o n\u0103m 2007. Chuy\u00ean \u0111\u00e0o t\u1ea1o v\u1ec1 kho\u00e1 h\u1ecdc IELTS, Ti\u1ebfng Anh Tr\u1ebb em v\u00e0 Thi\u1ebfu Ni\u00ean. V\u1edbi ti\u00eau chu\u1ea9n Qu\u1ed1c T\u1ebf Cambridge v\u00e0 \u0111\u01b0\u1ee3c H\u1ed9i \u0110\u1ed3ng \u00dac IDP (H\u1ed9i \u0111\u1ed3ng t\u1ed5 ch\u1ee9c thi IELTS) c\u00f4ng nh\u1eadn l\u00e0 \u0111\u1ed1i t\u00e1c xu\u1ea5t s\u1eafc trong su\u1ed1t 10 n\u0103m li\u00ean ti\u1ebfp.<\/p>\n\n  \n    <div class=\"row large-columns-3 medium-columns- small-columns-2\">\n          <div class=\"gallery-col col\" >\n          <div class=\"col-inner\">\n            <a class=\"image-lightbox lightbox-gallery\" href=\"https:\/\/truonganhngu1z.mauthemevn.com\/wp-content\/uploads\/2022\/06\/Rectangle-12-2.png\" title=\"\">            <div class=\"box has-hover gallery-box box-none\">\n              <div class=\"box-image\" >\n                <img loading=\"lazy\" decoding=\"async\" width=\"380\" height=\"251\" src=\"https:\/\/truonganhngu1z.mauthemevn.com\/wp-content\/uploads\/2022\/06\/Rectangle-12-2.png\" class=\"attachment-medium size-medium\" alt=\"\" ids=\"1293,1294,1295,1296,1297,1298\" style=\"none\" columns=\"3\" \/>                                                              <\/div><!-- .image -->\n              <div class=\"box-text text-left\" >\n                 <p><\/p>\n              <\/div><!-- .text -->\n            <\/div><!-- .box -->\n            <\/a>          <\/div><!-- .col-inner -->\n         <\/div><!-- .col -->\n                 <div class=\"gallery-col col\" >\n          <div class=\"col-inner\">\n            <a class=\"image-lightbox lightbox-gallery\" href=\"https:\/\/truonganhngu1z.mauthemevn.com\/wp-content\/uploads\/2022\/06\/Rectangle-12.png\" title=\"\">            <div class=\"box has-hover gallery-box box-none\">\n              <div class=\"box-image\" >\n                <img loading=\"lazy\" decoding=\"async\" width=\"380\" height=\"251\" src=\"https:\/\/truonganhngu1z.mauthemevn.com\/wp-content\/uploads\/2022\/06\/Rectangle-12.png\" class=\"attachment-medium size-medium\" alt=\"\" ids=\"1293,1294,1295,1296,1297,1298\" style=\"none\" columns=\"3\" \/>                                                              <\/div><!-- .image -->\n              <div class=\"box-text text-left\" >\n                 <p><\/p>\n              <\/div><!-- .text -->\n            <\/div><!-- .box -->\n            <\/a>          <\/div><!-- .col-inner -->\n         <\/div><!-- .col -->\n                 <div class=\"gallery-col col\" >\n          <div class=\"col-inner\">\n            <a class=\"image-lightbox lightbox-gallery\" href=\"https:\/\/truonganhngu1z.mauthemevn.com\/wp-content\/uploads\/2022\/06\/Rectangle-13-1.png\" title=\"\">            <div class=\"box has-hover gallery-box box-none\">\n              <div class=\"box-image\" >\n                <img loading=\"lazy\" decoding=\"async\" width=\"380\" height=\"251\" src=\"https:\/\/truonganhngu1z.mauthemevn.com\/wp-content\/uploads\/2022\/06\/Rectangle-13-1.png\" class=\"attachment-medium size-medium\" alt=\"\" ids=\"1293,1294,1295,1296,1297,1298\" style=\"none\" columns=\"3\" \/>                                                              <\/div><!-- .image -->\n              <div class=\"box-text text-left\" >\n                 <p><\/p>\n              <\/div><!-- .text -->\n            <\/div><!-- .box -->\n            <\/a>          <\/div><!-- .col-inner -->\n         <\/div><!-- .col -->\n                 <div class=\"gallery-col col\" >\n          <div class=\"col-inner\">\n            <a class=\"image-lightbox lightbox-gallery\" href=\"https:\/\/truonganhngu1z.mauthemevn.com\/wp-content\/uploads\/2022\/06\/Rectangle-13-2.png\" title=\"\">            <div class=\"box has-hover gallery-box box-none\">\n              <div class=\"box-image\" >\n                <img loading=\"lazy\" decoding=\"async\" width=\"380\" height=\"251\" src=\"https:\/\/truonganhngu1z.mauthemevn.com\/wp-content\/uploads\/2022\/06\/Rectangle-13-2.png\" class=\"attachment-medium size-medium\" alt=\"\" ids=\"1293,1294,1295,1296,1297,1298\" style=\"none\" columns=\"3\" \/>                                                              <\/div><!-- .image -->\n              <div class=\"box-text text-left\" >\n                 <p><\/p>\n              <\/div><!-- .text -->\n            <\/div><!-- .box -->\n            <\/a>          <\/div><!-- .col-inner -->\n         <\/div><!-- .col -->\n                 <div class=\"gallery-col col\" >\n          <div class=\"col-inner\">\n            <a class=\"image-lightbox lightbox-gallery\" href=\"https:\/\/truonganhngu1z.mauthemevn.com\/wp-content\/uploads\/2022\/06\/Rectangle-13.png\" title=\"\">            <div class=\"box has-hover gallery-box box-none\">\n              <div class=\"box-image\" >\n                <img loading=\"lazy\" decoding=\"async\" width=\"380\" height=\"251\" src=\"https:\/\/truonganhngu1z.mauthemevn.com\/wp-content\/uploads\/2022\/06\/Rectangle-13.png\" class=\"attachment-medium size-medium\" alt=\"\" ids=\"1293,1294,1295,1296,1297,1298\" style=\"none\" columns=\"3\" \/>                                                              <\/div><!-- .image -->\n              <div class=\"box-text text-left\" >\n                 <p><\/p>\n              <\/div><!-- .text -->\n            <\/div><!-- .box -->\n            <\/a>          <\/div><!-- .col-inner -->\n         <\/div><!-- .col -->\n                 <div class=\"gallery-col col\" >\n          <div class=\"col-inner\">\n            <a class=\"image-lightbox lightbox-gallery\" href=\"https:\/\/truonganhngu1z.mauthemevn.com\/wp-content\/uploads\/2022\/06\/Rectangle-14-1.png\" title=\"\">            <div class=\"box has-hover gallery-box box-none\">\n              <div class=\"box-image\" >\n                <img loading=\"lazy\" decoding=\"async\" width=\"380\" height=\"251\" src=\"https:\/\/truonganhngu1z.mauthemevn.com\/wp-content\/uploads\/2022\/06\/Rectangle-14-1.png\" class=\"attachment-medium size-medium\" alt=\"\" ids=\"1293,1294,1295,1296,1297,1298\" style=\"none\" columns=\"3\" \/>                                                              <\/div><!-- .image -->\n              <div class=\"box-text text-left\" >\n                 <p><\/p>\n              <\/div><!-- .text -->\n            <\/div><!-- .box -->\n            <\/a>          <\/div><!-- .col-inner -->\n         <\/div><!-- .col -->\n         <\/div>\n<\/div><\/div>\n<\/div>\n\t\t<\/div><!-- .section-content -->\n\n\t\t\n<style scope=\"scope\">\n\n#section_1451659178 {\n  padding-top: 30px;\n  padding-bottom: 30px;\n}\n<\/style>\n\t<\/section>\n\t\n\t<section class=\"section gth_03\" id=\"section_1730720330\">\n\t\t<div class=\"bg section-bg fill bg-fill  bg-loaded\" >\n\n\t\t\t\n\t\t\t\n\t\t\t\n\n\t\t<\/div><!-- .section-bg -->\n\n\t\t<div class=\"section-content relative\">\n\t\t\t\n<div class=\"row\"  id=\"row-156910448\">\n<div class=\"col medium-6 small-12 large-6\"  ><div class=\"col-inner\"  >\n<div class=\"container section-title-container\" ><h2 class=\"section-title section-title-bold\"><b><\/b><span class=\"section-title-main\" >T\u1ea6M NH\u00ccN V\u00c0 S\u1ee8 M\u1ec6NH<\/span><b><\/b><\/h2><\/div><!-- .section-title -->\n<ul>\n<li><strong>T\u1ea7m nh\u00ecn<\/strong>: BIRDNEST\u00a0 s\u1ebd gi\u00fap cho th\u1ebf h\u1ec7 tr\u1ebb\u00a0\u00a0Vi\u1ec7t Nam c\u00f3 \u0111\u1ee7 n\u0103ng l\u1ef1c Ti\u1ebfng Anh \u0111\u1ec3 ti\u1ebfp thu tri th\u1ee9c v\u00e0 tinh hoa c\u1ee7a th\u1ebf gi\u1edbi. M\u1ee5c \u0111\u00edch ch\u00ednh l\u00e0 \u0111\u1ec3 c\u00e1c em c\u00f3 c\u01a1 h\u1ed9i th\u00e0nh c\u00f4ng trong t\u01b0\u01a1ng lai g\u00f3p ph\u1ea7n \u0111\u01b0a cho \u0110\u1ea5t N\u01b0\u1edbc v\u00e0 con ng\u01b0\u1eddi Vi\u1ec7t Nam l\u00ean m\u1ed9t t\u1ea7m cao m\u1edbi.<\/li>\n<li><strong>S\u1ee9 m\u1ec7nh<\/strong>: Hi\u1ec7n Trung T\u00e2m Anh Ng\u1eef BIRDNEST \u0111\u00e3 c\u00f3 38 Chi nh\u00e1nh \u1edf kh\u1eafp c\u00e1c t\u1ec9nh th\u00e0nh. Kh\u00f4ng d\u1eebng l\u1ea1i t\u1ea1i \u0111\u00f3, trong nh\u1eefng n\u0103m t\u1edbi Res cam k\u1ebft kh\u00f4ng ng\u1eebng c\u1ea3i ti\u1ebfn m\u1ecdi ho\u1ea1t \u0111\u1ed9ng, m\u1edf th\u00eam tr\u01b0\u1eddng t\u1ea1i t\u1ea5t c\u1ea3 c\u00e1c t\u1ec9nh th\u00e0nh \u0111\u1ec3 mang Ti\u1ebfng Anh \u0111\u1ebfn kh\u1eafp m\u1ecdi v\u00f9ng \u0111\u1ea5t n\u01b0\u1edbc.<\/li>\n<\/ul>\n<\/div><\/div>\n<div class=\"col medium-6 small-12 large-6\"  ><div class=\"col-inner\"  >\n\t<div class=\"img has-hover x md-x lg-x y md-y lg-y\" id=\"image_1854188678\">\n\t\t\t\t\t\t\t\t<div class=\"img-inner dark\" >\n\t\t\t<img loading=\"lazy\" decoding=\"async\" width=\"380\" height=\"251\" src=\"https:\/\/truonganhngu1z.mauthemevn.com\/wp-content\/uploads\/2022\/06\/Rectangle-14-2.png\" class=\"attachment-original size-original\" alt=\"\" \/>\t\t\t\t\t\t\n\t\t\t\t\t<\/div>\n\t\t\t\t\t\t\t\t\n<style scope=\"scope\">\n\n#image_1854188678 {\n  width: 100%;\n}\n<\/style>\n\t<\/div>\n\t\n<\/div><\/div>\n<\/div>\n\t\t<\/div><!-- .section-content -->\n\n\t\t\n<style scope=\"scope\">\n\n#section_1730720330 {\n  padding-top: 50px;\n  padding-bottom: 50px;\n}\n<\/style>\n\t<\/section>\n\t\n\t<section class=\"section ph_07\" id=\"section_313747554\">\n\t\t<div class=\"bg section-bg fill bg-fill  bg-loaded\" >\n\n\t\t\t\n\t\t\t\n\t\t\t\n\n\t\t<\/div><!-- .section-bg -->\n\n\t\t<div class=\"section-content relative\">\n\t\t\t\n<div class=\"row\"  id=\"row-2081580204\">\n<div class=\"col small-12 large-12\"  ><div class=\"col-inner\"  >\n \n    <div class=\"block__element_head\">\n    <h2 class=\"heading\"><span>\u0110\u0102NG K\u00dd T\u01af V\u1ea4N\/KI\u1ec2M TRA TI\u1ebeNG ANH MI\u1ec4N PH\u00cd<\/span><\/h2>\n    <p class=\"text_head\">Vui l\u00f2ng \u0111\u1ec3 l\u1ea1i th\u00f4ng tin b\u00ean d\u01b0\u1edbi \u0111\u1ec3 th\u1ea7y c\u00f4 li\u00ean h\u1ec7 h\u1ed7 tr\u1ee3 t\u01b0 v\u1ea5n v\u00e0 \u0111\u1eb7t l\u1ecbch ki\u1ec3m tra ti\u1ebfng Anh mi\u1ec5n ph\u00ed.<\/p>\n   \n    <\/div>\n\n\n<div class=\"wpcf7 no-js\" id=\"wpcf7-f1322-o1\" lang=\"vi\" dir=\"ltr\" data-wpcf7-id=\"1322\">\n<div class=\"screen-reader-response\"><p role=\"status\" aria-live=\"polite\" aria-atomic=\"true\"><\/p> <ul><\/ul><\/div>\n<form action=\"\/index.php?rest_route=%2Fwp%2Fv2%2Fpages%2F508#wpcf7-f1322-o1\" method=\"post\" class=\"wpcf7-form init\" aria-label=\"Form li\u00ean h\u1ec7\" novalidate=\"novalidate\" data-status=\"init\">\n<fieldset class=\"hidden-fields-container\"><input type=\"hidden\" name=\"_wpcf7\" value=\"1322\" \/><input type=\"hidden\" name=\"_wpcf7_version\" value=\"6.1.3\" \/><input type=\"hidden\" name=\"_wpcf7_locale\" value=\"vi\" \/><input type=\"hidden\" name=\"_wpcf7_unit_tag\" value=\"wpcf7-f1322-o1\" \/><input type=\"hidden\" name=\"_wpcf7_container_post\" value=\"0\" \/><input type=\"hidden\" name=\"_wpcf7_posted_data_hash\" value=\"\" \/>\n<\/fieldset>\n<p><span class=\"wpcf7-form-control-wrap\" data-name=\"text-138\"><input size=\"40\" maxlength=\"400\" class=\"wpcf7-form-control wpcf7-text wpcf7-validates-as-required\" aria-required=\"true\" aria-invalid=\"false\" placeholder=\"H\u1ecd v\u00e0 t\u00ean ph\u1ee5 huynh\" value=\"\" type=\"text\" name=\"text-138\" \/><\/span><br \/>\n<span class=\"wpcf7-form-control-wrap\" data-name=\"tel-992\"><input size=\"40\" maxlength=\"400\" class=\"wpcf7-form-control wpcf7-tel wpcf7-validates-as-required wpcf7-text wpcf7-validates-as-tel\" aria-required=\"true\" aria-invalid=\"false\" placeholder=\"S\u1ed1 \u0111i\u1ec7n tho\u1ea1i\" value=\"\" type=\"tel\" name=\"tel-992\" \/><\/span><br \/>\n<span class=\"wpcf7-form-control-wrap\" data-name=\"text-139\"><input size=\"40\" maxlength=\"400\" class=\"wpcf7-form-control wpcf7-text wpcf7-validates-as-required\" aria-required=\"true\" aria-invalid=\"false\" placeholder=\"H\u1ecd v\u00e0 t\u00ean h\u1ecdc sinh\" value=\"\" type=\"text\" name=\"text-139\" \/><\/span><br \/>\n<span class=\"wpcf7-form-control-wrap\" data-name=\"text-142\"><input size=\"40\" maxlength=\"400\" class=\"wpcf7-form-control wpcf7-text wpcf7-validates-as-required\" aria-required=\"true\" aria-invalid=\"false\" placeholder=\"\u0110ang \u1edf T\u1ec9nh\/Th\u00e0nh n\u00e0o?\" value=\"\" type=\"text\" name=\"text-142\" \/><\/span><br \/>\n<span class=\"wpcf7-form-control-wrap\" data-name=\"menu-823\"><select class=\"wpcf7-form-control wpcf7-select wpcf7-validates-as-required\" aria-required=\"true\" aria-invalid=\"false\" name=\"menu-823\"><option value=\"C\u1ea7n t\u01b0 v\u1ea5n ch\u01b0\u01a1ng tr\u00ecnh h\u1ecdc\">C\u1ea7n t\u01b0 v\u1ea5n ch\u01b0\u01a1ng tr\u00ecnh h\u1ecdc<\/option><option value=\"C\u1ea7n t\u01b0 v\u1ea5n ch\u01b0\u01a1ng tr\u00ecnh h\u1ecdc\">C\u1ea7n t\u01b0 v\u1ea5n ch\u01b0\u01a1ng tr\u00ecnh h\u1ecdc<\/option><option value=\"Ch\u01b0\u01a1ng tr\u00ecnh IELTS\">Ch\u01b0\u01a1ng tr\u00ecnh IELTS<\/option><option value=\"Ti\u1ebfng Anh tr\u1ebb em\">Ti\u1ebfng Anh tr\u1ebb em<\/option><option value=\"Kh\u00e1c\">Kh\u00e1c<\/option><\/select><\/span><br \/>\n<span class=\"wpcf7-form-control-wrap\" data-name=\"menu-826\"><select class=\"wpcf7-form-control wpcf7-select wpcf7-validates-as-required\" aria-required=\"true\" aria-invalid=\"false\" name=\"menu-826\"><option value=\"Con \u0111ang h\u1ecdc c\u1ea5p\">Con \u0111ang h\u1ecdc c\u1ea5p<\/option><option value=\"C\u1ea5p 1\">C\u1ea5p 1<\/option><option value=\"C\u1ea5p 2\">C\u1ea5p 2<\/option><option value=\"C\u1ea5p 3\">C\u1ea5p 3<\/option><option value=\"Kh\u00e1c\">Kh\u00e1c<\/option><\/select><\/span><br \/>\n<span class=\"wpcf7-form-control-wrap\" data-name=\"textarea-714\"><textarea cols=\"40\" rows=\"10\" maxlength=\"2000\" class=\"wpcf7-form-control wpcf7-textarea\" aria-invalid=\"false\" name=\"textarea-714\">N\u1ed9i dung mu\u1ed1n t\u01b0 v\u1ea5n<\/textarea><\/span><br \/>\n<input class=\"wpcf7-form-control wpcf7-submit has-spinner\" type=\"submit\" value=\"\u0110\u0103ng k\u00fd ngay\" \/>\n<\/p><div class=\"wpcf7-response-output\" aria-hidden=\"true\"><\/div>\n<\/form>\n<\/div>\n\n<\/div><\/div>\n<\/div>\n\t\t<\/div><!-- .section-content -->\n\n\t\t\n<style scope=\"scope\">\n\n#section_313747554 {\n  padding-top: 70px;\n  padding-bottom: 70px;\n}\n<\/style>\n\t<\/section>\n\t\n","protected":false},"excerpt":{"rendered":"","protected":false},"author":1,"featured_media":0,"parent":0,"menu_order":0,"comment_status":"closed","ping_status":"closed","template":"page-blank.php","meta":{"footnotes":""},"class_list":["post-508","page","type-page","status-publish","hentry"],"yoast_head":"<!-- This site is optimized with the Yoast SEO plugin v26.3 - https:\/\/yoast.com\/wordpress\/plugins\/seo\/ -->\n<title>Demo tr\u01b0\u1eddng anh ng\u1eef 1<\/title>\n<meta name=\"robots\" content=\"noindex, follow, max-snippet:-1, max-image-preview:large, max-video-preview:-1\" \/>\n<meta property=\"og:locale\" content=\"vi_VN\" \/>\n<meta property=\"og:type\" content=\"article\" \/>\n<meta property=\"og:title\" content=\"Demo tr\u01b0\u1eddng anh ng\u1eef 1\" \/>\n<meta property=\"og:url\" content=\"https:\/\/truonganhngu1z.mauthemevn.com\/?page_id=508\" \/>\n<meta property=\"og:site_name\" content=\"Demo tr\u01b0\u1eddng anh ng\u1eef 1\" \/>\n<meta property=\"article:modified_time\" content=\"2022-06-23T06:29:43+00:00\" \/>\n<meta name=\"twitter:card\" content=\"summary_large_image\" \/>\n<script type=\"application\/ld+json\" class=\"yoast-schema-graph\">{\"@context\":\"https:\/\/schema.org\",\"@graph\":[{\"@type\":\"WebPage\",\"@id\":\"https:\/\/truonganhngu1z.mauthemevn.com\/?page_id=508\",\"url\":\"https:\/\/truonganhngu1z.mauthemevn.com\/?page_id=508\",\"name\":\"Demo tr\u01b0\u1eddng anh ng\u1eef 1\",\"isPartOf\":{\"@id\":\"https:\/\/truonganhngu1z.mauthemevn.com\/#website\"},\"datePublished\":\"2019-03-06T08:02:34+00:00\",\"dateModified\":\"2022-06-23T06:29:43+00:00\",\"breadcrumb\":{\"@id\":\"https:\/\/truonganhngu1z.mauthemevn.com\/?page_id=508#breadcrumb\"},\"inLanguage\":\"vi\",\"potentialAction\":[{\"@type\":\"ReadAction\",\"target\":[\"https:\/\/truonganhngu1z.mauthemevn.com\/?page_id=508\"]}]},{\"@type\":\"BreadcrumbList\",\"@id\":\"https:\/\/truonganhngu1z.mauthemevn.com\/?page_id=508#breadcrumb\",\"itemListElement\":[{\"@type\":\"ListItem\",\"position\":1,\"name\":\"Trang ch\u1ee7\",\"item\":\"https:\/\/truonganhngu1z.mauthemevn.com\/\"},{\"@type\":\"ListItem\",\"position\":2,\"name\":\"Gi\u1edbi thi\u1ec7u\"}]},{\"@type\":\"WebSite\",\"@id\":\"https:\/\/truonganhngu1z.mauthemevn.com\/#website\",\"url\":\"https:\/\/truonganhngu1z.mauthemevn.com\/\",\"name\":\"Demo tr\u01b0\u1eddng anh ng\u1eef 1\",\"description\":\"Demo tr\u01b0\u1eddng anh ng\u1eef 1\",\"potentialAction\":[{\"@type\":\"SearchAction\",\"target\":{\"@type\":\"EntryPoint\",\"urlTemplate\":\"https:\/\/truonganhngu1z.mauthemevn.com\/?s={search_term_string}\"},\"query-input\":{\"@type\":\"PropertyValueSpecification\",\"valueRequired\":true,\"valueName\":\"search_term_string\"}}],\"inLanguage\":\"vi\"}]}<\/script>\n<!-- \/ Yoast SEO plugin. -->","yoast_head_json":{"title":"Demo tr\u01b0\u1eddng anh ng\u1eef 1","robots":{"index":"noindex","follow":"follow","max-snippet":"max-snippet:-1","max-image-preview":"max-image-preview:large","max-video-preview":"max-video-preview:-1"},"og_locale":"vi_VN","og_type":"article","og_title":"Demo tr\u01b0\u1eddng anh ng\u1eef 1","og_url":"https:\/\/truonganhngu1z.mauthemevn.com\/?page_id=508","og_site_name":"Demo tr\u01b0\u1eddng anh ng\u1eef 1","article_modified_time":"2022-06-23T06:29:43+00:00","twitter_card":"summary_large_image","schema":{"@context":"https:\/\/schema.org","@graph":[{"@type":"WebPage","@id":"https:\/\/truonganhngu1z.mauthemevn.com\/?page_id=508","url":"https:\/\/truonganhngu1z.mauthemevn.com\/?page_id=508","name":"Demo tr\u01b0\u1eddng anh ng\u1eef 1","isPartOf":{"@id":"https:\/\/truonganhngu1z.mauthemevn.com\/#website"},"datePublished":"2019-03-06T08:02:34+00:00","dateModified":"2022-06-23T06:29:43+00:00","breadcrumb":{"@id":"https:\/\/truonganhngu1z.mauthemevn.com\/?page_id=508#breadcrumb"},"inLanguage":"vi","potentialAction":[{"@type":"ReadAction","target":["https:\/\/truonganhngu1z.mauthemevn.com\/?page_id=508"]}]},{"@type":"BreadcrumbList","@id":"https:\/\/truonganhngu1z.mauthemevn.com\/?page_id=508#breadcrumb","itemListElement":[{"@type":"ListItem","position":1,"name":"Trang ch\u1ee7","item":"https:\/\/truonganhngu1z.mauthemevn.com\/"},{"@type":"ListItem","position":2,"name":"Gi\u1edbi thi\u1ec7u"}]},{"@type":"WebSite","@id":"https:\/\/truonganhngu1z.mauthemevn.com\/#website","url":"https:\/\/truonganhngu1z.mauthemevn.com\/","name":"Demo tr\u01b0\u1eddng anh ng\u1eef 1","description":"Demo tr\u01b0\u1eddng anh ng\u1eef 1","potentialAction":[{"@type":"SearchAction","target":{"@type":"EntryPoint","urlTemplate":"https:\/\/truonganhngu1z.mauthemevn.com\/?s={search_term_string}"},"query-input":{"@type":"PropertyValueSpecification","valueRequired":true,"valueName":"search_term_string"}}],"inLanguage":"vi"}]}},"_links":{"self":[{"href":"https:\/\/truonganhngu1z.mauthemevn.com\/index.php?rest_route=\/wp\/v2\/pages\/508","targetHints":{"allow":["GET"]}}],"collection":[{"href":"https:\/\/truonganhngu1z.mauthemevn.com\/index.php?rest_route=\/wp\/v2\/pages"}],"about":[{"href":"https:\/\/truonganhngu1z.mauthemevn.com\/index.php?rest_route=\/wp\/v2\/types\/page"}],"author":[{"embeddable":true,"href":"https:\/\/truonganhngu1z.mauthemevn.com\/index.php?rest_route=\/wp\/v2\/users\/1"}],"replies":[{"embeddable":true,"href":"https:\/\/truonganhngu1z.mauthemevn.com\/index.php?rest_route=%2Fwp%2Fv2%2Fcomments&post=508"}],"version-history":[{"count":12,"href":"https:\/\/truonganhngu1z.mauthemevn.com\/index.php?rest_route=\/wp\/v2\/pages\/508\/revisions"}],"predecessor-version":[{"id":1360,"href":"https:\/\/truonganhngu1z.mauthemevn.com\/index.php?rest_route=\/wp\/v2\/pages\/508\/revisions\/1360"}],"wp:attachment":[{"href":"https:\/\/truonganhngu1z.mauthemevn.com\/index.php?rest_route=%2Fwp%2Fv2%2Fmedia&parent=508"}],"curies":[{"name":"wp","href":"https:\/\/api.w.org\/{rel}","templated":true}]}}