{"id":510,"date":"2019-03-06T08:02:47","date_gmt":"2019-03-06T08:02:47","guid":{"rendered":"http:\/\/mau3.maudep.com.vn\/tienganh\/?page_id=510"},"modified":"2023-10-01T14:14:16","modified_gmt":"2023-10-01T14:14:16","slug":"lien-he","status":"publish","type":"page","link":"https:\/\/truonganhngu1z.mauthemevn.com\/?page_id=510","title":{"rendered":"Li\u00ean h\u1ec7"},"content":{"rendered":"\t<section class=\"section\" id=\"section_1960014233\">\n\t\t<div class=\"bg section-bg fill bg-fill  bg-loaded\" >\n\n\t\t\t\n\t\t\t\n\t\t\t\n\n\t\t<\/div><!-- .section-bg -->\n\n\t\t<div class=\"section-content relative\">\n\t\t\t\n\t<div class=\"img has-hover x md-x lg-x y md-y lg-y\" id=\"image_1118049200\">\n\t\t\t\t\t\t\t\t<div class=\"img-inner dark\" >\n\t\t\t<img loading=\"lazy\" decoding=\"async\" width=\"1920\" height=\"550\" src=\"https:\/\/truonganhngu1z.mauthemevn.com\/wp-content\/uploads\/2022\/06\/slide-3.png\" class=\"attachment-original size-original\" alt=\"\" srcset=\"https:\/\/truonganhngu1z.mauthemevn.com\/wp-content\/uploads\/2022\/06\/slide-3.png 1920w, https:\/\/truonganhngu1z.mauthemevn.com\/wp-content\/uploads\/2022\/06\/slide-3-800x229.png 800w, https:\/\/truonganhngu1z.mauthemevn.com\/wp-content\/uploads\/2022\/06\/slide-3-1400x401.png 1400w, https:\/\/truonganhngu1z.mauthemevn.com\/wp-content\/uploads\/2022\/06\/slide-3-768x220.png 768w, https:\/\/truonganhngu1z.mauthemevn.com\/wp-content\/uploads\/2022\/06\/slide-3-1536x440.png 1536w\" sizes=\"auto, (max-width: 1920px) 100vw, 1920px\" \/>\t\t\t\t\t\t\n\t\t\t\t\t<\/div>\n\t\t\t\t\t\t\t\t\n<style scope=\"scope\">\n\n#image_1118049200 {\n  width: 100%;\n}\n<\/style>\n\t<\/div>\n\t\n\t\t<\/div><!-- .section-content -->\n\n\t\t\n<style scope=\"scope\">\n\n#section_1960014233 {\n  padding-top: 0px;\n  padding-bottom: 0px;\n}\n<\/style>\n\t<\/section>\n\t\n\t<section class=\"section contact_01\" id=\"section_1804227380\">\n\t\t<div class=\"bg section-bg fill bg-fill  bg-loaded\" >\n\n\t\t\t\n\t\t\t\n\t\t\t\n\n\t\t<\/div><!-- .section-bg -->\n\n\t\t<div class=\"section-content relative\">\n\t\t\t\n \n    <div class=\"block__element_head\">\n    <h2 class=\"heading\"><span>BIRDNEST EDU - TRUNG T\u00c2M ANH NG\u1eee QU\u1ed0C T\u1ebe<\/span><\/h2>\n    <p class=\"text_head\"><\/p>\n   \n    <\/div>\n\n<div class=\"row\"  id=\"row-1428444865\">\n<div class=\"col medium-6 small-12 large-6\"  ><div class=\"col-inner\"  >\n<div class=\"fusion-title title fusion-title-1 fusion-sep-none fusion-title-text fusion-title-size-two fusion-border-below-title\">\n<h2 class=\"title-heading-left\" data-fontsize=\"38\" data-lineheight=\"49\">Th\u00f4ng tin li\u00ean h\u1ec7<\/h2>\n<\/div>\n<div class=\"fusion-text\">\n<p>Mind Space l\u00e0 m\u1ed9t trung t\u00e2m luy\u1ec7n IELTS c\u00f3 c\u01a1 s\u1edf v\u1eadt ch\u1ea5t v\u00e0 \u0111\u1ed9i ng\u0169 gi\u1ea3ng vi\u00ean h\u00e0ng \u0111\u1ea7u t\u1ea1i TP H\u01b0ng Y\u00ean. H\u00e3y li\u00ean h\u1ec7 v\u1edbi ch\u00fang t\u00f4i \u0111\u1ec3 \u0111\u01b0\u1ee3c t\u01b0 v\u1ea5n IELTS t\u1ed1t nh\u1ea5t.<\/p>\n<p>\u0110\u1ecba ch\u1ec9 :<\/p>\n<p>S\u0110T :<\/p>\n<p>Mail :<\/p>\n<\/div>\n<p><iframe src=\"https:\/\/www.google.com\/maps\/embed?pb=!1m18!1m12!1m3!1d7871248.932353329!2d95.79629007190337!3d15.571158289354559!2m3!1f0!2f0!3f0!3m2!1i1024!2i768!4f13.1!3m3!1m2!1s0x31157a4d736a1e5f%3A0xb03bb0c9e2fe62be!2zVmnhu4d0IE5hbQ!5e0!3m2!1svi!2s!4v1696169608008!5m2!1svi!2s\" width=\"100%\" height=\"190\" style=\"border:0;\" allowfullscreen=\"\" loading=\"lazy\" referrerpolicy=\"no-referrer-when-downgrade\"><\/iframe><\/p>\n<\/div><\/div>\n<div class=\"col medium-6 small-12 large-6\"  ><div class=\"col-inner\"  >\n\n<div class=\"wpcf7 no-js\" id=\"wpcf7-f1322-o1\" lang=\"vi\" dir=\"ltr\" data-wpcf7-id=\"1322\">\n<div class=\"screen-reader-response\"><p role=\"status\" aria-live=\"polite\" aria-atomic=\"true\"><\/p> <ul><\/ul><\/div>\n<form action=\"\/index.php?rest_route=%2Fwp%2Fv2%2Fpages%2F510#wpcf7-f1322-o1\" method=\"post\" class=\"wpcf7-form init\" aria-label=\"Form li\u00ean h\u1ec7\" novalidate=\"novalidate\" data-status=\"init\">\n<fieldset class=\"hidden-fields-container\"><input type=\"hidden\" name=\"_wpcf7\" value=\"1322\" \/><input type=\"hidden\" name=\"_wpcf7_version\" value=\"6.1.3\" \/><input type=\"hidden\" name=\"_wpcf7_locale\" value=\"vi\" \/><input type=\"hidden\" name=\"_wpcf7_unit_tag\" value=\"wpcf7-f1322-o1\" \/><input type=\"hidden\" name=\"_wpcf7_container_post\" value=\"0\" \/><input type=\"hidden\" name=\"_wpcf7_posted_data_hash\" value=\"\" \/>\n<\/fieldset>\n<p><span class=\"wpcf7-form-control-wrap\" data-name=\"text-138\"><input size=\"40\" maxlength=\"400\" class=\"wpcf7-form-control wpcf7-text wpcf7-validates-as-required\" aria-required=\"true\" aria-invalid=\"false\" placeholder=\"H\u1ecd v\u00e0 t\u00ean ph\u1ee5 huynh\" value=\"\" type=\"text\" name=\"text-138\" \/><\/span><br \/>\n<span class=\"wpcf7-form-control-wrap\" data-name=\"tel-992\"><input size=\"40\" maxlength=\"400\" class=\"wpcf7-form-control wpcf7-tel wpcf7-validates-as-required wpcf7-text wpcf7-validates-as-tel\" aria-required=\"true\" aria-invalid=\"false\" placeholder=\"S\u1ed1 \u0111i\u1ec7n tho\u1ea1i\" value=\"\" type=\"tel\" name=\"tel-992\" \/><\/span><br \/>\n<span class=\"wpcf7-form-control-wrap\" data-name=\"text-139\"><input size=\"40\" maxlength=\"400\" class=\"wpcf7-form-control wpcf7-text wpcf7-validates-as-required\" aria-required=\"true\" aria-invalid=\"false\" placeholder=\"H\u1ecd v\u00e0 t\u00ean h\u1ecdc sinh\" value=\"\" type=\"text\" name=\"text-139\" \/><\/span><br \/>\n<span class=\"wpcf7-form-control-wrap\" data-name=\"text-142\"><input size=\"40\" maxlength=\"400\" class=\"wpcf7-form-control wpcf7-text wpcf7-validates-as-required\" aria-required=\"true\" aria-invalid=\"false\" placeholder=\"\u0110ang \u1edf T\u1ec9nh\/Th\u00e0nh n\u00e0o?\" value=\"\" type=\"text\" name=\"text-142\" \/><\/span><br \/>\n<span class=\"wpcf7-form-control-wrap\" data-name=\"menu-823\"><select class=\"wpcf7-form-control wpcf7-select wpcf7-validates-as-required\" aria-required=\"true\" aria-invalid=\"false\" name=\"menu-823\"><option value=\"C\u1ea7n t\u01b0 v\u1ea5n ch\u01b0\u01a1ng tr\u00ecnh h\u1ecdc\">C\u1ea7n t\u01b0 v\u1ea5n ch\u01b0\u01a1ng tr\u00ecnh h\u1ecdc<\/option><option value=\"C\u1ea7n t\u01b0 v\u1ea5n ch\u01b0\u01a1ng tr\u00ecnh h\u1ecdc\">C\u1ea7n t\u01b0 v\u1ea5n ch\u01b0\u01a1ng tr\u00ecnh h\u1ecdc<\/option><option value=\"Ch\u01b0\u01a1ng tr\u00ecnh IELTS\">Ch\u01b0\u01a1ng tr\u00ecnh IELTS<\/option><option value=\"Ti\u1ebfng Anh tr\u1ebb em\">Ti\u1ebfng Anh tr\u1ebb em<\/option><option value=\"Kh\u00e1c\">Kh\u00e1c<\/option><\/select><\/span><br \/>\n<span class=\"wpcf7-form-control-wrap\" data-name=\"menu-826\"><select class=\"wpcf7-form-control wpcf7-select wpcf7-validates-as-required\" aria-required=\"true\" aria-invalid=\"false\" name=\"menu-826\"><option value=\"Con \u0111ang h\u1ecdc c\u1ea5p\">Con \u0111ang h\u1ecdc c\u1ea5p<\/option><option value=\"C\u1ea5p 1\">C\u1ea5p 1<\/option><option value=\"C\u1ea5p 2\">C\u1ea5p 2<\/option><option value=\"C\u1ea5p 3\">C\u1ea5p 3<\/option><option value=\"Kh\u00e1c\">Kh\u00e1c<\/option><\/select><\/span><br \/>\n<span class=\"wpcf7-form-control-wrap\" data-name=\"textarea-714\"><textarea cols=\"40\" rows=\"10\" maxlength=\"2000\" class=\"wpcf7-form-control wpcf7-textarea\" aria-invalid=\"false\" name=\"textarea-714\">N\u1ed9i dung mu\u1ed1n t\u01b0 v\u1ea5n<\/textarea><\/span><br \/>\n<input class=\"wpcf7-form-control wpcf7-submit has-spinner\" type=\"submit\" value=\"\u0110\u0103ng k\u00fd ngay\" \/>\n<\/p><div class=\"wpcf7-response-output\" aria-hidden=\"true\"><\/div>\n<\/form>\n<\/div>\n\n<\/div><\/div>\n<\/div>\n\t\t<\/div><!-- .section-content -->\n\n\t\t\n<style scope=\"scope\">\n\n#section_1804227380 {\n  padding-top: 30px;\n  padding-bottom: 30px;\n}\n<\/style>\n\t<\/section>\n\t\n\t<section class=\"section ph_08\" id=\"section_485149704\">\n\t\t<div class=\"bg section-bg fill bg-fill  bg-loaded\" >\n\n\t\t\t\n\t\t\t\n\t\t\t\n\n\t\t<\/div><!-- .section-bg -->\n\n\t\t<div class=\"section-content relative\">\n\t\t\t\n \n    <div class=\"block__element_head\">\n    <h2 class=\"heading\"><span>H\u1ec7 th\u1ed1ng c\u01a1 s\u1edf edu<\/span><\/h2>\n    <p class=\"text_head\"><\/p>\n   \n    <\/div>\n\n<div class=\"row\"  id=\"row-947682204\">\n<div class=\"col medium-4 small-12 large-4\"  ><div class=\"col-inner\"  >\n\t<div class=\"box has-hover has-hover box-text-bottom\" >\n\n\t\t<div class=\"box-image\" >\n\t\t\t\t\t\t<div class=\"image-zoom\" >\n\t\t\t\t<img loading=\"lazy\" decoding=\"async\" width=\"380\" height=\"252\" src=\"https:\/\/truonganhngu1z.mauthemevn.com\/wp-content\/uploads\/2022\/06\/Rectangle-15-2.png\" class=\"attachment- size-\" alt=\"\" \/>\t\t\t\t\t\t\t\t\t\t\t<\/div>\n\t\t\t\t\t<\/div><!-- box-image -->\n\n\t\t<div class=\"box-text text-left\" >\n\t\t\t<div class=\"box-text-inner\">\n\t\t\t\t\n<h4>CS1: Ao \u0110\u1eabu, S\u01a1n H\u00e0, H\u1eefu L\u0169ng, L\u1ea1ng S\u01a1n.<\/h4>\n\t\t\t<\/div><!-- box-text-inner -->\n\t\t<\/div><!-- box-text -->\n\t<\/div><!-- .box  -->\n\t\n<\/div><\/div>\n<div class=\"col medium-4 small-12 large-4\"  ><div class=\"col-inner\"  >\n\t<div class=\"box has-hover has-hover box-text-bottom\" >\n\n\t\t<div class=\"box-image\" >\n\t\t\t\t\t\t<div class=\"image-zoom\" >\n\t\t\t\t<img loading=\"lazy\" decoding=\"async\" width=\"380\" height=\"252\" src=\"https:\/\/truonganhngu1z.mauthemevn.com\/wp-content\/uploads\/2022\/06\/Rectangle-16-2.png\" class=\"attachment- size-\" alt=\"\" \/>\t\t\t\t\t\t\t\t\t\t\t<\/div>\n\t\t\t\t\t<\/div><!-- box-image -->\n\n\t\t<div class=\"box-text text-left\" >\n\t\t\t<div class=\"box-text-inner\">\n\t\t\t\t\n<h4>CS2: 17TT3 VOV M\u1ec5 Tr\u00ec, Nam T\u1eeb Li\u00eam, H\u00e0 N\u1ed9i<\/h4>\n\t\t\t<\/div><!-- box-text-inner -->\n\t\t<\/div><!-- box-text -->\n\t<\/div><!-- .box  -->\n\t\n<\/div><\/div>\n<div class=\"col medium-4 small-12 large-4\"  ><div class=\"col-inner\"  >\n\t<div class=\"box has-hover has-hover box-text-bottom\" >\n\n\t\t<div class=\"box-image\" >\n\t\t\t\t\t\t<div class=\"image-zoom\" >\n\t\t\t\t<img loading=\"lazy\" decoding=\"async\" width=\"380\" height=\"252\" src=\"https:\/\/truonganhngu1z.mauthemevn.com\/wp-content\/uploads\/2022\/06\/Rectangle-17.png\" class=\"attachment- size-\" alt=\"\" \/>\t\t\t\t\t\t\t\t\t\t\t<\/div>\n\t\t\t\t\t<\/div><!-- box-image -->\n\n\t\t<div class=\"box-text text-left\" >\n\t\t\t<div class=\"box-text-inner\">\n\t\t\t\t\n<h4>CS3: S\u1ed1 76 Ng\u00f5 13 \u0110\u01b0\u1eddng 800A, Ho\u00e0ng S\u00e2m, Ngh\u0129a \u0110\u00f4, C\u1ea7u Gi\u1ea5y, H\u00e0 N\u1ed9i<\/h4>\n\t\t\t<\/div><!-- box-text-inner -->\n\t\t<\/div><!-- box-text -->\n\t<\/div><!-- .box  -->\n\t\n<\/div><\/div>\n<\/div>\n\t\t<\/div><!-- .section-content -->\n\n\t\t\n<style scope=\"scope\">\n\n#section_485149704 {\n  padding-top: 0px;\n  padding-bottom: 0px;\n}\n<\/style>\n\t<\/section>\n\t\n","protected":false},"excerpt":{"rendered":"","protected":false},"author":1,"featured_media":0,"parent":0,"menu_order":0,"comment_status":"closed","ping_status":"closed","template":"page-blank.php","meta":{"footnotes":""},"class_list":["post-510","page","type-page","status-publish","hentry"],"yoast_head":"<!-- This site is optimized with the Yoast SEO plugin v26.3 - https:\/\/yoast.com\/wordpress\/plugins\/seo\/ -->\n<title>Demo tr\u01b0\u1eddng anh ng\u1eef 1<\/title>\n<meta name=\"robots\" content=\"noindex, follow, max-snippet:-1, max-image-preview:large, max-video-preview:-1\" \/>\n<meta property=\"og:locale\" content=\"vi_VN\" \/>\n<meta property=\"og:type\" content=\"article\" \/>\n<meta property=\"og:title\" content=\"Demo tr\u01b0\u1eddng anh ng\u1eef 1\" \/>\n<meta property=\"og:url\" content=\"https:\/\/truonganhngu1z.mauthemevn.com\/?page_id=510\" \/>\n<meta property=\"og:site_name\" content=\"Demo tr\u01b0\u1eddng anh ng\u1eef 1\" \/>\n<meta property=\"article:modified_time\" content=\"2023-10-01T14:14:16+00:00\" \/>\n<meta name=\"twitter:card\" content=\"summary_large_image\" \/>\n<meta name=\"twitter:label1\" content=\"\u01af\u1edbc t\u00ednh th\u1eddi gian \u0111\u1ecdc\" \/>\n\t<meta name=\"twitter:data1\" content=\"1 ph\u00fat\" \/>\n<script type=\"application\/ld+json\" class=\"yoast-schema-graph\">{\"@context\":\"https:\/\/schema.org\",\"@graph\":[{\"@type\":\"WebPage\",\"@id\":\"https:\/\/truonganhngu1z.mauthemevn.com\/?page_id=510\",\"url\":\"https:\/\/truonganhngu1z.mauthemevn.com\/?page_id=510\",\"name\":\"Demo tr\u01b0\u1eddng anh ng\u1eef 1\",\"isPartOf\":{\"@id\":\"https:\/\/truonganhngu1z.mauthemevn.com\/#website\"},\"datePublished\":\"2019-03-06T08:02:47+00:00\",\"dateModified\":\"2023-10-01T14:14:16+00:00\",\"breadcrumb\":{\"@id\":\"https:\/\/truonganhngu1z.mauthemevn.com\/?page_id=510#breadcrumb\"},\"inLanguage\":\"vi\",\"potentialAction\":[{\"@type\":\"ReadAction\",\"target\":[\"https:\/\/truonganhngu1z.mauthemevn.com\/?page_id=510\"]}]},{\"@type\":\"BreadcrumbList\",\"@id\":\"https:\/\/truonganhngu1z.mauthemevn.com\/?page_id=510#breadcrumb\",\"itemListElement\":[{\"@type\":\"ListItem\",\"position\":1,\"name\":\"Trang ch\u1ee7\",\"item\":\"https:\/\/truonganhngu1z.mauthemevn.com\/\"},{\"@type\":\"ListItem\",\"position\":2,\"name\":\"Li\u00ean h\u1ec7\"}]},{\"@type\":\"WebSite\",\"@id\":\"https:\/\/truonganhngu1z.mauthemevn.com\/#website\",\"url\":\"https:\/\/truonganhngu1z.mauthemevn.com\/\",\"name\":\"Demo tr\u01b0\u1eddng anh ng\u1eef 1\",\"description\":\"Demo tr\u01b0\u1eddng anh ng\u1eef 1\",\"potentialAction\":[{\"@type\":\"SearchAction\",\"target\":{\"@type\":\"EntryPoint\",\"urlTemplate\":\"https:\/\/truonganhngu1z.mauthemevn.com\/?s={search_term_string}\"},\"query-input\":{\"@type\":\"PropertyValueSpecification\",\"valueRequired\":true,\"valueName\":\"search_term_string\"}}],\"inLanguage\":\"vi\"}]}<\/script>\n<!-- \/ Yoast SEO plugin. -->","yoast_head_json":{"title":"Demo tr\u01b0\u1eddng anh ng\u1eef 1","robots":{"index":"noindex","follow":"follow","max-snippet":"max-snippet:-1","max-image-preview":"max-image-preview:large","max-video-preview":"max-video-preview:-1"},"og_locale":"vi_VN","og_type":"article","og_title":"Demo tr\u01b0\u1eddng anh ng\u1eef 1","og_url":"https:\/\/truonganhngu1z.mauthemevn.com\/?page_id=510","og_site_name":"Demo tr\u01b0\u1eddng anh ng\u1eef 1","article_modified_time":"2023-10-01T14:14:16+00:00","twitter_card":"summary_large_image","twitter_misc":{"\u01af\u1edbc t\u00ednh th\u1eddi gian \u0111\u1ecdc":"1 ph\u00fat"},"schema":{"@context":"https:\/\/schema.org","@graph":[{"@type":"WebPage","@id":"https:\/\/truonganhngu1z.mauthemevn.com\/?page_id=510","url":"https:\/\/truonganhngu1z.mauthemevn.com\/?page_id=510","name":"Demo tr\u01b0\u1eddng anh ng\u1eef 1","isPartOf":{"@id":"https:\/\/truonganhngu1z.mauthemevn.com\/#website"},"datePublished":"2019-03-06T08:02:47+00:00","dateModified":"2023-10-01T14:14:16+00:00","breadcrumb":{"@id":"https:\/\/truonganhngu1z.mauthemevn.com\/?page_id=510#breadcrumb"},"inLanguage":"vi","potentialAction":[{"@type":"ReadAction","target":["https:\/\/truonganhngu1z.mauthemevn.com\/?page_id=510"]}]},{"@type":"BreadcrumbList","@id":"https:\/\/truonganhngu1z.mauthemevn.com\/?page_id=510#breadcrumb","itemListElement":[{"@type":"ListItem","position":1,"name":"Trang ch\u1ee7","item":"https:\/\/truonganhngu1z.mauthemevn.com\/"},{"@type":"ListItem","position":2,"name":"Li\u00ean h\u1ec7"}]},{"@type":"WebSite","@id":"https:\/\/truonganhngu1z.mauthemevn.com\/#website","url":"https:\/\/truonganhngu1z.mauthemevn.com\/","name":"Demo tr\u01b0\u1eddng anh ng\u1eef 1","description":"Demo tr\u01b0\u1eddng anh ng\u1eef 1","potentialAction":[{"@type":"SearchAction","target":{"@type":"EntryPoint","urlTemplate":"https:\/\/truonganhngu1z.mauthemevn.com\/?s={search_term_string}"},"query-input":{"@type":"PropertyValueSpecification","valueRequired":true,"valueName":"search_term_string"}}],"inLanguage":"vi"}]}},"_links":{"self":[{"href":"https:\/\/truonganhngu1z.mauthemevn.com\/index.php?rest_route=\/wp\/v2\/pages\/510","targetHints":{"allow":["GET"]}}],"collection":[{"href":"https:\/\/truonganhngu1z.mauthemevn.com\/index.php?rest_route=\/wp\/v2\/pages"}],"about":[{"href":"https:\/\/truonganhngu1z.mauthemevn.com\/index.php?rest_route=\/wp\/v2\/types\/page"}],"author":[{"embeddable":true,"href":"https:\/\/truonganhngu1z.mauthemevn.com\/index.php?rest_route=\/wp\/v2\/users\/1"}],"replies":[{"embeddable":true,"href":"https:\/\/truonganhngu1z.mauthemevn.com\/index.php?rest_route=%2Fwp%2Fv2%2Fcomments&post=510"}],"version-history":[{"count":10,"href":"https:\/\/truonganhngu1z.mauthemevn.com\/index.php?rest_route=\/wp\/v2\/pages\/510\/revisions"}],"predecessor-version":[{"id":1392,"href":"https:\/\/truonganhngu1z.mauthemevn.com\/index.php?rest_route=\/wp\/v2\/pages\/510\/revisions\/1392"}],"wp:attachment":[{"href":"https:\/\/truonganhngu1z.mauthemevn.com\/index.php?rest_route=%2Fwp%2Fv2%2Fmedia&parent=510"}],"curies":[{"name":"wp","href":"https:\/\/api.w.org\/{rel}","templated":true}]}}